{"id":523,"date":"2011-03-21T12:10:46","date_gmt":"2011-03-21T11:10:46","guid":{"rendered":"http:\/\/www.geardown.info\/?page_id=523"},"modified":"2023-10-24T14:57:52","modified_gmt":"2023-10-24T13:57:52","slug":"behzad","status":"publish","type":"page","link":"https:\/\/www.geardown.info\/?page_id=523","title":{"rendered":"Behzad"},"content":{"rendered":"<p><strong>Behzad (Mozi): Guitar, Vocals:<\/strong> Ein Virtuose an der Gitarre. Technik und Sound sind beeinflusst von Jimi Hendrix, Johnny Winter, Mike Cambpell, Keith Richards und Chuck Berry. Behzad spielt\u00a0unverwechselbar und hat den perfekten Mozi-Sound! Seine unstillbare Spielfreude und B\u00fchenpr\u00e4senz sind immer sp\u00fcrbar. Mozi rockt !!! Das wissen auch viele andere Bands, die Mozi als musikalische Feuerwehr buchen. Ein Fels auf den B\u00fchnen dieser Welt&#8230;<\/p>\n<div id='gallery-1' class='gallery galleryid-523 gallery-columns-3 gallery-size-thumbnail'><figure class='gallery-item'>\n\t\t\t<div class='gallery-icon portrait'>\n\t\t\t\t<a href='https:\/\/www.geardown.info\/?attachment_id=1921'><img loading=\"lazy\" decoding=\"async\" width=\"133\" height=\"200\" src=\"https:\/\/www.geardown.info\/wp-content\/uploads\/2011\/03\/Behzad-06-klein-133x200.jpg\" class=\"attachment-thumbnail size-thumbnail\" alt=\"\" srcset=\"https:\/\/www.geardown.info\/wp-content\/uploads\/2011\/03\/Behzad-06-klein-133x200.jpg 133w, https:\/\/www.geardown.info\/wp-content\/uploads\/2011\/03\/Behzad-06-klein-200x300.jpg 200w, https:\/\/www.geardown.info\/wp-content\/uploads\/2011\/03\/Behzad-06-klein-400x600.jpg 400w, https:\/\/www.geardown.info\/wp-content\/uploads\/2011\/03\/Behzad-06-klein.jpg 1000w\" sizes=\"auto, (max-width: 133px) 100vw, 133px\" \/><\/a>\n\t\t\t<\/div><\/figure><figure class='gallery-item'>\n\t\t\t<div class='gallery-icon portrait'>\n\t\t\t\t<a href='https:\/\/www.geardown.info\/?attachment_id=1920'><img loading=\"lazy\" decoding=\"async\" width=\"133\" height=\"200\" src=\"https:\/\/www.geardown.info\/wp-content\/uploads\/2011\/03\/Behzad-03-klein-133x200.jpg\" class=\"attachment-thumbnail size-thumbnail\" alt=\"\" srcset=\"https:\/\/www.geardown.info\/wp-content\/uploads\/2011\/03\/Behzad-03-klein-133x200.jpg 133w, https:\/\/www.geardown.info\/wp-content\/uploads\/2011\/03\/Behzad-03-klein-200x300.jpg 200w, https:\/\/www.geardown.info\/wp-content\/uploads\/2011\/03\/Behzad-03-klein-400x600.jpg 400w, https:\/\/www.geardown.info\/wp-content\/uploads\/2011\/03\/Behzad-03-klein.jpg 800w\" sizes=\"auto, (max-width: 133px) 100vw, 133px\" \/><\/a>\n\t\t\t<\/div><\/figure><figure class='gallery-item'>\n\t\t\t<div class='gallery-icon portrait'>\n\t\t\t\t<a href='https:\/\/www.geardown.info\/?attachment_id=1183'><img loading=\"lazy\" decoding=\"async\" width=\"133\" height=\"200\" src=\"https:\/\/www.geardown.info\/wp-content\/uploads\/2011\/03\/mozi-133x200.jpg\" class=\"attachment-thumbnail size-thumbnail\" alt=\"\" srcset=\"https:\/\/www.geardown.info\/wp-content\/uploads\/2011\/03\/mozi-133x200.jpg 133w, https:\/\/www.geardown.info\/wp-content\/uploads\/2011\/03\/mozi-200x300.jpg 200w, https:\/\/www.geardown.info\/wp-content\/uploads\/2011\/03\/mozi-400x600.jpg 400w, https:\/\/www.geardown.info\/wp-content\/uploads\/2011\/03\/mozi.jpg 640w\" sizes=\"auto, (max-width: 133px) 100vw, 133px\" \/><\/a>\n\t\t\t<\/div><\/figure><figure class='gallery-item'>\n\t\t\t<div class='gallery-icon portrait'>\n\t\t\t\t<a href='https:\/\/www.geardown.info\/?attachment_id=689'><img loading=\"lazy\" decoding=\"async\" width=\"150\" height=\"200\" src=\"https:\/\/www.geardown.info\/wp-content\/uploads\/2011\/03\/Bild045-150x200.jpg\" class=\"attachment-thumbnail size-thumbnail\" alt=\"\" srcset=\"https:\/\/www.geardown.info\/wp-content\/uploads\/2011\/03\/Bild045-150x200.jpg 150w, https:\/\/www.geardown.info\/wp-content\/uploads\/2011\/03\/Bild045-225x300.jpg 225w, https:\/\/www.geardown.info\/wp-content\/uploads\/2011\/03\/Bild045.jpg 450w\" sizes=\"auto, (max-width: 150px) 100vw, 150px\" \/><\/a>\n\t\t\t<\/div><\/figure><figure class='gallery-item'>\n\t\t\t<div class='gallery-icon landscape'>\n\t\t\t\t<a href='https:\/\/www.geardown.info\/?attachment_id=1924'><img loading=\"lazy\" decoding=\"async\" width=\"200\" height=\"200\" src=\"https:\/\/www.geardown.info\/wp-content\/uploads\/2011\/03\/Behzad-04-klein-200x200.jpg\" class=\"attachment-thumbnail size-thumbnail\" alt=\"\" srcset=\"https:\/\/www.geardown.info\/wp-content\/uploads\/2011\/03\/Behzad-04-klein-200x200.jpg 200w, https:\/\/www.geardown.info\/wp-content\/uploads\/2011\/03\/Behzad-04-klein-300x300.jpg 300w, https:\/\/www.geardown.info\/wp-content\/uploads\/2011\/03\/Behzad-04-klein-600x600.jpg 600w, https:\/\/www.geardown.info\/wp-content\/uploads\/2011\/03\/Behzad-04-klein.jpg 1000w\" sizes=\"auto, (max-width: 200px) 100vw, 200px\" \/><\/a>\n\t\t\t<\/div><\/figure><figure class='gallery-item'>\n\t\t\t<div class='gallery-icon portrait'>\n\t\t\t\t<a href='https:\/\/www.geardown.info\/?attachment_id=1925'><img loading=\"lazy\" decoding=\"async\" width=\"133\" height=\"200\" src=\"https:\/\/www.geardown.info\/wp-content\/uploads\/2011\/03\/Behzad-02-klein-133x200.jpg\" class=\"attachment-thumbnail size-thumbnail\" alt=\"\" srcset=\"https:\/\/www.geardown.info\/wp-content\/uploads\/2011\/03\/Behzad-02-klein-133x200.jpg 133w, https:\/\/www.geardown.info\/wp-content\/uploads\/2011\/03\/Behzad-02-klein-200x300.jpg 200w, https:\/\/www.geardown.info\/wp-content\/uploads\/2011\/03\/Behzad-02-klein-400x600.jpg 400w, https:\/\/www.geardown.info\/wp-content\/uploads\/2011\/03\/Behzad-02-klein.jpg 800w\" sizes=\"auto, (max-width: 133px) 100vw, 133px\" \/><\/a>\n\t\t\t<\/div><\/figure>\n\t\t<\/div>\n\n","protected":false},"excerpt":{"rendered":"<p>Behzad (Mozi): Guitar, Vocals: Ein Virtuose an der Gitarre. Technik und Sound sind beeinflusst von Jimi Hendrix, Johnny Winter, Mike Cambpell, Keith Richards und Chuck Berry. Behzad spielt\u00a0unverwechselbar und hat den perfekten Mozi-Sound! Seine unstillbare Spielfreude und B\u00fchenpr\u00e4senz sind immer sp\u00fcrbar. Mozi rockt !!! Das wissen auch viele andere Bands, die Mozi als musikalische Feuerwehr buchen. Ein Fels auf den B\u00fchnen dieser Welt&#8230;<\/p>\n","protected":false},"author":2,"featured_media":0,"parent":75,"menu_order":0,"comment_status":"open","ping_status":"closed","template":"","meta":{"footnotes":""},"class_list":["post-523","page","type-page","status-publish","hentry"],"_links":{"self":[{"href":"https:\/\/www.geardown.info\/index.php?rest_route=\/wp\/v2\/pages\/523","targetHints":{"allow":["GET"]}}],"collection":[{"href":"https:\/\/www.geardown.info\/index.php?rest_route=\/wp\/v2\/pages"}],"about":[{"href":"https:\/\/www.geardown.info\/index.php?rest_route=\/wp\/v2\/types\/page"}],"author":[{"embeddable":true,"href":"https:\/\/www.geardown.info\/index.php?rest_route=\/wp\/v2\/users\/2"}],"replies":[{"embeddable":true,"href":"https:\/\/www.geardown.info\/index.php?rest_route=%2Fwp%2Fv2%2Fcomments&post=523"}],"version-history":[{"count":34,"href":"https:\/\/www.geardown.info\/index.php?rest_route=\/wp\/v2\/pages\/523\/revisions"}],"predecessor-version":[{"id":2942,"href":"https:\/\/www.geardown.info\/index.php?rest_route=\/wp\/v2\/pages\/523\/revisions\/2942"}],"up":[{"embeddable":true,"href":"https:\/\/www.geardown.info\/index.php?rest_route=\/wp\/v2\/pages\/75"}],"wp:attachment":[{"href":"https:\/\/www.geardown.info\/index.php?rest_route=%2Fwp%2Fv2%2Fmedia&parent=523"}],"curies":[{"name":"wp","href":"https:\/\/api.w.org\/{rel}","templated":true}]}}